{"id":357,"date":"2023-11-25T16:17:30","date_gmt":"2023-11-25T16:17:30","guid":{"rendered":"https:\/\/paek-nis.org.rs\/paeknis\/?page_id=357"},"modified":"2023-12-07T15:42:30","modified_gmt":"2023-12-07T15:42:30","slug":"bolder-kup-nis-10-12-2023","status":"publish","type":"page","link":"https:\/\/paek-nis.org.rs\/paeknis\/bolder-kup-nis-10-12-2023\/","title":{"rendered":"Bolder kup Ni\u0161 10.12.2023."},"content":{"rendered":"\n<h2 class=\"wp-block-heading\"><strong>Organizator<\/strong>: sportski klub PAEK\u201cNi\u0161\u201c<\/h2>\n\n\n\n<p><strong>Mesto takmi\u010denja<\/strong>: Bolder sala u Saobra\u0107ajno \u2013 tehni\u010dkoj \u0161koli \u201e12. Februar\u201c<\/p>\n\n\n\n<p><strong>\u0410dresa<\/strong>: Beogradska 22, 18000 Ni\u0161 <\/p>\n\n\n\n<iframe src=\"https:\/\/www.google.com\/maps\/embed?pb=!1m17!1m12!1m3!1d2902.255467206754!2d21.889308999999997!3d43.329843!2m3!1f0!2f0!3f0!3m2!1i1024!2i768!4f13.1!3m2!1m1!2zNDPCsDE5JzQ3LjQiTiAyMcKwNTMnMjEuNSJF!5e0!3m2!1sen!2sde!4v1700929365698!5m2!1sen!2sde\" width=\"1024\" height=\"450\" style=\"border:0;\" allowfullscreen=\"\" loading=\"lazy\" referrerpolicy=\"no-referrer-when-downgrade\"><\/iframe>\n\n\n\n<h4 class=\"wp-block-heading\"><br><strong>Postavlja\u010di bolder problema<\/strong>: <\/h4>\n\n\n\n<p>Slobodan Gejo, Milica Vru\u0107ini\u0107, Andrea Bogojevi\u0107, Sta\u0161a Gejo i Stephan Vogt<\/p>\n\n\n\n<p><br><strong>Starosne kategorije<\/strong>: <\/p>\n\n\n\n<p>D8, D10, K, JB, JA, Juniori, Seniori<br>Pravo u\u010de\u0161\u0107a imaju licencirani takmi\u010dari i rekreativci<br>Obavezano je lekarsko uverenje ne starije od \u0161est meseci<\/p>\n\n\n\n<h2 class=\"wp-block-heading\">Formular za prijavu<\/h2>\n\n\n\n<div class=\"wpcf7 no-js\" id=\"wpcf7-f376-o1\" lang=\"en-US\" dir=\"ltr\">\n<div class=\"screen-reader-response\"><p role=\"status\" aria-live=\"polite\" aria-atomic=\"true\"><\/p> <ul><\/ul><\/div>\n<form action=\"\/paeknis\/wp-json\/wp\/v2\/pages\/357#wpcf7-f376-o1\" method=\"post\" class=\"wpcf7-form init\" aria-label=\"Contact form\" novalidate=\"novalidate\" data-status=\"init\">\n<div style=\"display: none;\">\n<input type=\"hidden\" name=\"_wpcf7\" value=\"376\" \/>\n<input type=\"hidden\" name=\"_wpcf7_version\" value=\"5.8.3\" \/>\n<input type=\"hidden\" name=\"_wpcf7_locale\" value=\"en_US\" \/>\n<input type=\"hidden\" name=\"_wpcf7_unit_tag\" value=\"wpcf7-f376-o1\" \/>\n<input type=\"hidden\" name=\"_wpcf7_container_post\" value=\"0\" \/>\n<input type=\"hidden\" name=\"_wpcf7_posted_data_hash\" value=\"\" \/>\n<\/div>\n<p><label> Va\u0161 email<br \/>\n<span class=\"wpcf7-form-control-wrap\" data-name=\"email-one\"><input size=\"40\" class=\"wpcf7-form-control wpcf7-email wpcf7-validates-as-required wpcf7-text wpcf7-validates-as-email\" aria-required=\"true\" aria-invalid=\"false\" value=\"\" type=\"email\" name=\"email-one\" \/><\/span> <\/label>\n<\/p>\n<p><label> Ime i Prezime<br \/>\n<span class=\"wpcf7-form-control-wrap\" data-name=\"Ime\"><input size=\"40\" class=\"wpcf7-form-control wpcf7-text wpcf7-validates-as-required\" aria-required=\"true\" aria-invalid=\"false\" value=\"\" type=\"text\" name=\"Ime\" \/><\/span> <\/label>\n<\/p>\n<p><label> Grad i Dr\u017eava<br \/>\n<span class=\"wpcf7-form-control-wrap\" data-name=\"Grad\"><input size=\"40\" class=\"wpcf7-form-control wpcf7-text\" aria-invalid=\"false\" value=\"\" type=\"text\" name=\"Grad\" \/><\/span> <\/label>\n<\/p>\n<p><label> Klub<br \/>\n<span class=\"wpcf7-form-control-wrap\" data-name=\"klub\"><input size=\"40\" class=\"wpcf7-form-control wpcf7-text\" aria-invalid=\"false\" value=\"\" type=\"text\" name=\"klub\" \/><\/span> <\/label>\n<\/p>\n<p><label> Tip takmi\u010dara <\/label><br \/>\n<span class=\"wpcf7-form-control-wrap\" data-name=\"Tiptakmicara\"><span class=\"wpcf7-form-control wpcf7-radio\"><span class=\"wpcf7-list-item first\"><label><input type=\"radio\" name=\"Tiptakmicara\" value=\"Licencirani takmi\u010dar\" checked=\"checked\" \/><span class=\"wpcf7-list-item-label\">Licencirani takmi\u010dar<\/span><\/label><\/span><span class=\"wpcf7-list-item last\"><label><input type=\"radio\" name=\"Tiptakmicara\" value=\"Rekreativac\" \/><span class=\"wpcf7-list-item-label\">Rekreativac<\/span><\/label><\/span><\/span><\/span>\n<\/p>\n<p><label> Kategorija takmi\u010dara <\/label><br \/>\n<span class=\"wpcf7-form-control-wrap\" data-name=\"kategorija\"><span class=\"wpcf7-form-control wpcf7-radio\"><span class=\"wpcf7-list-item first\"><label><input type=\"radio\" name=\"kategorija\" value=\"D8 2014. i 2015.\" checked=\"checked\" \/><span class=\"wpcf7-list-item-label\">D8 2014. i 2015.<\/span><\/label><\/span><span class=\"wpcf7-list-item last\"><label><input type=\"radio\" name=\"kategorija\" value=\"D10 2012. i 2013.\" \/><span class=\"wpcf7-list-item-label\">D10 2012. i 2013.<\/span><\/label><\/span><\/span><\/span><br \/>\n<span class=\"wpcf7-form-control-wrap\" data-name=\"kategorija\"><span class=\"wpcf7-form-control wpcf7-radio\"><span class=\"wpcf7-list-item first\"><label><input type=\"radio\" name=\"kategorija\" value=\"K 2010. i 2011.\" checked=\"checked\" \/><span class=\"wpcf7-list-item-label\">K 2010. i 2011.<\/span><\/label><\/span><span class=\"wpcf7-list-item last\"><label><input type=\"radio\" name=\"kategorija\" value=\"Youth B 2008. i 2009.\" \/><span class=\"wpcf7-list-item-label\">Youth B 2008. i 2009.<\/span><\/label><\/span><\/span><\/span><br \/>\n<span class=\"wpcf7-form-control-wrap\" data-name=\"kategorija\"><span class=\"wpcf7-form-control wpcf7-radio\"><span class=\"wpcf7-list-item first\"><label><input type=\"radio\" name=\"kategorija\" value=\"Youth A 2006. i 2007.\" checked=\"checked\" \/><span class=\"wpcf7-list-item-label\">Youth A 2006. i 2007.<\/span><\/label><\/span><span class=\"wpcf7-list-item last\"><label><input type=\"radio\" name=\"kategorija\" value=\"Juniori 2004. i 2005.\" \/><span class=\"wpcf7-list-item-label\">Juniori 2004. i 2005.<\/span><\/label><\/span><\/span><\/span><br \/>\n<span class=\"wpcf7-form-control-wrap\" data-name=\"kategorija\"><span class=\"wpcf7-form-control wpcf7-radio\"><span class=\"wpcf7-list-item first last\"><label><input type=\"radio\" name=\"kategorija\" value=\"Seniori  2003. i stariji\" checked=\"checked\" \/><span class=\"wpcf7-list-item-label\">Seniori  2003. i stariji<\/span><\/label><\/span><\/span><\/span>\n<\/p>\n<p><label> Datum Ro\u0111enja <\/label><br \/>\n<span class=\"wpcf7-form-control-wrap\" data-name=\"date-375\"><input class=\"wpcf7-form-control wpcf7-date wpcf7-validates-as-required wpcf7-validates-as-date\" max=\"2023-12-10\" aria-required=\"true\" aria-invalid=\"false\" value=\"\" type=\"date\" name=\"date-375\" \/><\/span>\n<\/p>\n<p><input class=\"wpcf7-form-control wpcf7-submit has-spinner\" type=\"submit\" value=\"Prijavi se\" \/>\n<\/p><div class=\"wpcf7-response-output\" aria-hidden=\"true\"><\/div>\n<\/form>\n<\/div>\n\n\n\n\n<p>Zatvaranje prijava 03.12.2023. u 22 h<br><strong>Format takmi\u010denja<\/strong>: 25 bolder problema, 5 nivoa te\u017eina od najlak\u0161ih do te\u0161kih. Svaki bolder<br>nosi isti broj bodova i deli sa brojem penja\u010da koji su ga popeli. Flash nosi dodatni poen. Broj<br>poku\u0161aja nije ograni\u010den.<\/p>\n\n\n\n<h2 class=\"wp-block-heading\"><br>Kona\u010dna satnica:<\/h2>\n\n\n\n<p>Bolder kup u Ni\u0161u nedelja 10.12.2023.<br>9.00-09.45 registracija D8<br>10.00 -11.30 takmi\u010denje D8, de\u010daci i devoj\u010dice (I tak. grupa)<br>11.45 proglasenje D8, de\u010daci i devoj\u010dice<br>11.15 \u2013 12.00 registracija D10, de\u010daci i devoj\u010dice<br>12.00 -13.30 takmi\u010denje D10, de\u010daci i devoj\u010dice (II tak. grupa)<br>13.45 proglasenje D10, de\u010daci i devoj\u010dice<br>13.15 \u2013 14.00 registracija K, de\u010daci i devoj\u010dice<br>14.00 -15.30 takmi\u010denje K, de\u010daci i devoj\u010dice (III tak. grupa)<br>15.45 proglasenje K, de\u010daci i devoj\u010dice<br>15.15 \u2013 16.00 registracija Youth B, de\u010daci i devoj\u010dice<br>16.00 -17.30 takmi\u010denje Youth B, de\u010daci i devoj\u010dice (IV tak. grupa)<br>17.45 proglasenje Youth B, de\u010daci i devoj\u010dice<br>17.15 \u2013 18.00 registracija Youth A, Juniori i Seniori, mu\u0161karci i \u017eene<br>18.00 \u2013 19.30 takmi\u010denje Youth A, Juniori i Seniori, mu\u0161karci i \u017eene (V tak. grupa)<br>19.45 progla\u0161enje Youth A, Juniori i Seniori, mu\u0161karci i \u017eene<\/p>\n\n\n\n<p><\/p>\n\n\n\n<h2 class=\"wp-block-heading\"><br>Kotizacija:<\/h2>\n\n\n\n<p>Doma\u0107i takmi\u010dari 1000 dinara<br>Stranci 10 eura<\/p>\n\n\n\n<p><\/p>\n\n\n\n<figure class=\"wp-block-image size-large\"><img loading=\"lazy\" decoding=\"async\" width=\"1024\" height=\"255\" src=\"https:\/\/paek-nis.org.rs\/paeknis\/wp-content\/uploads\/2023\/11\/nis\u030c-takmic\u030cenje-1024x255.png\" alt=\"\" class=\"wp-image-361\" srcset=\"https:\/\/paek-nis.org.rs\/paeknis\/wp-content\/uploads\/2023\/11\/nis\u030c-takmic\u030cenje-1024x255.png 1024w, https:\/\/paek-nis.org.rs\/paeknis\/wp-content\/uploads\/2023\/11\/nis\u030c-takmic\u030cenje-300x75.png 300w, https:\/\/paek-nis.org.rs\/paeknis\/wp-content\/uploads\/2023\/11\/nis\u030c-takmic\u030cenje-768x191.png 768w, https:\/\/paek-nis.org.rs\/paeknis\/wp-content\/uploads\/2023\/11\/nis\u030c-takmic\u030cenje.png 1453w\" sizes=\"auto, (max-width: 1024px) 100vw, 1024px\" \/><\/figure>\n","protected":false},"excerpt":{"rendered":"<p>Organizator: sportski klub PAEK\u201cNi\u0161\u201c Mesto takmi\u010denja: Bolder sala u Saobra\u0107ajno \u2013 tehni\u010dkoj \u0161koli \u201e12. Februar\u201c \u0410dresa: Beogradska 22, 18000 Ni\u0161 Postavlja\u010di bolder problema: Slobodan Gejo, Milica Vru\u0107ini\u0107, Andrea Bogojevi\u0107, Sta\u0161a Gejo i Stephan Vogt Starosne kategorije: D8, D10, K, JB, JA, Juniori, SenioriPravo u\u010de\u0161\u0107a imaju licencirani takmi\u010dari i rekreativciObavezano je lekarsko uverenje ne starije od &hellip; <\/p>\n<p class=\"link-more\"><a href=\"https:\/\/paek-nis.org.rs\/paeknis\/bolder-kup-nis-10-12-2023\/\" class=\"more-link\">Read more<span class=\"screen-reader-text\"> &#8220;Bolder kup Ni\u0161 10.12.2023.&#8221;<\/span><\/a><\/p>\n","protected":false},"author":1,"featured_media":361,"parent":0,"menu_order":0,"comment_status":"closed","ping_status":"closed","template":"","meta":{"footnotes":""},"class_list":["post-357","page","type-page","status-publish","has-post-thumbnail","hentry"],"_links":{"self":[{"href":"https:\/\/paek-nis.org.rs\/paeknis\/wp-json\/wp\/v2\/pages\/357","targetHints":{"allow":["GET"]}}],"collection":[{"href":"https:\/\/paek-nis.org.rs\/paeknis\/wp-json\/wp\/v2\/pages"}],"about":[{"href":"https:\/\/paek-nis.org.rs\/paeknis\/wp-json\/wp\/v2\/types\/page"}],"author":[{"embeddable":true,"href":"https:\/\/paek-nis.org.rs\/paeknis\/wp-json\/wp\/v2\/users\/1"}],"replies":[{"embeddable":true,"href":"https:\/\/paek-nis.org.rs\/paeknis\/wp-json\/wp\/v2\/comments?post=357"}],"version-history":[{"count":17,"href":"https:\/\/paek-nis.org.rs\/paeknis\/wp-json\/wp\/v2\/pages\/357\/revisions"}],"predecessor-version":[{"id":392,"href":"https:\/\/paek-nis.org.rs\/paeknis\/wp-json\/wp\/v2\/pages\/357\/revisions\/392"}],"wp:featuredmedia":[{"embeddable":true,"href":"https:\/\/paek-nis.org.rs\/paeknis\/wp-json\/wp\/v2\/media\/361"}],"wp:attachment":[{"href":"https:\/\/paek-nis.org.rs\/paeknis\/wp-json\/wp\/v2\/media?parent=357"}],"curies":[{"name":"wp","href":"https:\/\/api.w.org\/{rel}","templated":true}]}}